{"id":87,"date":"2026-02-18T21:44:08","date_gmt":"2026-02-18T21:44:08","guid":{"rendered":"https:\/\/ierj.org.br\/?page_id=87"},"modified":"2026-03-23T18:32:17","modified_gmt":"2026-03-23T18:32:17","slug":"quem-somos","status":"publish","type":"page","link":"https:\/\/ierj.org.br\/?page_id=87","title":{"rendered":"QUEM SOMOS"},"content":{"rendered":"\t\t<div data-elementor-type=\"wp-page\" data-elementor-id=\"87\" class=\"elementor elementor-87\" data-elementor-post-type=\"page\">\n\t\t\t\t<div class=\"elementor-element elementor-element-6a3448c e-con-full e-flex e-con e-parent\" data-id=\"6a3448c\" data-element_type=\"container\" data-e-type=\"container\">\n\t\t\t\t<div class=\"elementor-element elementor-element-47e2814 elementor-widget elementor-widget-heading\" data-id=\"47e2814\" data-element_type=\"widget\" data-e-type=\"widget\" data-widget_type=\"heading.default\">\n\t\t\t\t\t<h2 class=\"elementor-heading-title elementor-size-default\">Quem somos<\/h2>\t\t\t\t<\/div>\n\t\t\t\t<\/div>\n\t\t<div class=\"elementor-element elementor-element-989cfdb e-flex e-con-boxed e-con e-parent\" data-id=\"989cfdb\" data-element_type=\"container\" data-e-type=\"container\">\n\t\t\t\t\t<div class=\"e-con-inner\">\n\t\t\t\t<div class=\"elementor-element elementor-element-ceae7ce elementor-widget__width-initial elementor-widget elementor-widget-text-editor\" data-id=\"ceae7ce\" data-element_type=\"widget\" data-e-type=\"widget\" data-widget_type=\"text-editor.default\">\n\t\t\t\t\t\t\t\t\t<p>Fundado em 2015, o <strong>IERJ<\/strong> \u00e9 uma associa\u00e7\u00e3o civil de direito privado, sem fins lucrativos, sediada na capital fluminense. Nascemos da urg\u00eancia de pensar o Rio de Janeiro de forma estrat\u00e9gica, integrando infraestrutura, economia, meio ambiente e cultura para promover o desenvolvimento sustent\u00e1vel e ordenado do nosso estado.<\/p><p><strong>O Que Fazemos<\/strong><\/p><p>Atuamos como um elo t\u00e9cnico estrat\u00e9gico entre os setores p\u00fablico e privado. Nossa expertise traduz-se em servi\u00e7os especializados que fortalecem a gest\u00e3o em diversas escalas, incluindo:<\/p><p><strong>Intelig\u00eancia de Dados:<\/strong> Organiza\u00e7\u00e3o de indicadores e bases de dados socioecon\u00f4micos para suporte \u00e0 tomada de decis\u00e3o.<\/p><p><strong>Capacita\u00e7\u00e3o:<\/strong> Promo\u00e7\u00e3o de cursos de p\u00f3s-gradua\u00e7\u00e3o e programas de treinamento voltados para a excel\u00eancia na gest\u00e3o p\u00fablica.<\/p><p><strong>Consultoria T\u00e9cnica:<\/strong> Planejamento e coordena\u00e7\u00e3o de pol\u00edticas integradas para o desenvolvimento regional.<\/p><p><strong>Nosso Compromisso e Valores<\/strong><\/p><p>O trabalho do <strong>IERJ<\/strong> \u00e9 guiado pelo Rigor T\u00e9cnico, pela \u00c9tica e pela Transpar\u00eancia. Reafirmamos diariamente nosso compromisso com:<\/p><p><strong>Impessoalidade:<\/strong> Atuamos sem distin\u00e7\u00e3o de ra\u00e7a, cor, sexo, condi\u00e7\u00e3o social, posi\u00e7\u00e3o pol\u00edtico-partid\u00e1ria ou credo religioso.<\/p><p><strong>Independ\u00eancia:<\/strong> Mantemos normas r\u00edgidas de governan\u00e7a que asseguram a nossa autonomia frente a interesses conflitantes.<\/p><p><strong>Impacto Social:<\/strong> Todo o nosso esfor\u00e7o t\u00e9cnico \u00e9 voltado para a melhoria da qualidade de vida e o crescimento econ\u00f4mico do Rio de Janeiro.<\/p>\t\t\t\t\t\t\t\t<\/div>\n\t\t\t\t\t<\/div>\n\t\t\t\t<\/div>\n\t\t\t\t<\/div>\n\t\t","protected":false},"excerpt":{"rendered":"<p>Quem somos Fundado em 2015, o IERJ \u00e9 uma associa\u00e7\u00e3o civil de direito privado, sem fins lucrativos, sediada na capital [&hellip;]<\/p>\n","protected":false},"author":1,"featured_media":0,"parent":0,"menu_order":0,"comment_status":"closed","ping_status":"closed","template":"elementor_header_footer","meta":{"site-sidebar-layout":"no-sidebar","site-content-layout":"","ast-site-content-layout":"full-width-container","site-content-style":"default","site-sidebar-style":"default","ast-global-header-display":"","ast-banner-title-visibility":"","ast-main-header-display":"","ast-hfb-above-header-display":"","ast-hfb-below-header-display":"","ast-hfb-mobile-header-display":"","site-post-title":"disabled","ast-breadcrumbs-content":"","ast-featured-img":"disabled","footer-sml-layout":"","ast-disable-related-posts":"","theme-transparent-header-meta":"default","adv-header-id-meta":"","stick-header-meta":"","header-above-stick-meta":"","header-main-stick-meta":"","header-below-stick-meta":"","astra-migrate-meta-layouts":"set","ast-page-background-enabled":"default","ast-page-background-meta":{"desktop":{"background-color":"var(--ast-global-color-5)","background-image":"","background-repeat":"repeat","background-position":"center center","background-size":"auto","background-attachment":"scroll","background-type":"","background-media":"","overlay-type":"","overlay-color":"","overlay-opacity":"","overlay-gradient":""},"tablet":{"background-color":"","background-image":"","background-repeat":"repeat","background-position":"center center","background-size":"auto","background-attachment":"scroll","background-type":"","background-media":"","overlay-type":"","overlay-color":"","overlay-opacity":"","overlay-gradient":""},"mobile":{"background-color":"","background-image":"","background-repeat":"repeat","background-position":"center center","background-size":"auto","background-attachment":"scroll","background-type":"","background-media":"","overlay-type":"","overlay-color":"","overlay-opacity":"","overlay-gradient":""}},"ast-content-background-meta":{"desktop":{"background-color":"var(--ast-global-color-4)","background-image":"","background-repeat":"repeat","background-position":"center center","background-size":"auto","background-attachment":"scroll","background-type":"","background-media":"","overlay-type":"","overlay-color":"","overlay-opacity":"","overlay-gradient":""},"tablet":{"background-color":"var(--ast-global-color-4)","background-image":"","background-repeat":"repeat","background-position":"center center","background-size":"auto","background-attachment":"scroll","background-type":"","background-media":"","overlay-type":"","overlay-color":"","overlay-opacity":"","overlay-gradient":""},"mobile":{"background-color":"var(--ast-global-color-4)","background-image":"","background-repeat":"repeat","background-position":"center center","background-size":"auto","background-attachment":"scroll","background-type":"","background-media":"","overlay-type":"","overlay-color":"","overlay-opacity":"","overlay-gradient":""}},"footnotes":""},"class_list":["post-87","page","type-page","status-publish","hentry"],"yoast_head":"<!-- This site is optimized with the Yoast SEO plugin v27.3 - https:\/\/yoast.com\/product\/yoast-seo-wordpress\/ -->\n<title>QUEM SOMOS - ierj.org.br<\/title>\n<meta name=\"robots\" content=\"index, follow, max-snippet:-1, max-image-preview:large, max-video-preview:-1\" \/>\n<link rel=\"canonical\" href=\"https:\/\/ierj.org.br\/?page_id=87\" \/>\n<meta property=\"og:locale\" content=\"pt_BR\" \/>\n<meta property=\"og:type\" content=\"article\" \/>\n<meta property=\"og:title\" content=\"QUEM SOMOS - ierj.org.br\" \/>\n<meta property=\"og:description\" content=\"Quem somos Fundado em 2015, o IERJ \u00e9 uma associa\u00e7\u00e3o civil de direito privado, sem fins lucrativos, sediada na capital [&hellip;]\" \/>\n<meta property=\"og:url\" content=\"https:\/\/ierj.org.br\/?page_id=87\" \/>\n<meta property=\"og:site_name\" content=\"ierj.org.br\" \/>\n<meta property=\"article:modified_time\" content=\"2026-03-23T18:32:17+00:00\" \/>\n<meta name=\"twitter:card\" content=\"summary_large_image\" \/>\n<meta name=\"twitter:label1\" content=\"Est. tempo de leitura\" \/>\n\t<meta name=\"twitter:data1\" content=\"2 minutos\" \/>\n<script type=\"application\/ld+json\" class=\"yoast-schema-graph\">{\"@context\":\"https:\\\/\\\/schema.org\",\"@graph\":[{\"@type\":\"WebPage\",\"@id\":\"https:\\\/\\\/ierj.org.br\\\/?page_id=87\",\"url\":\"https:\\\/\\\/ierj.org.br\\\/?page_id=87\",\"name\":\"QUEM SOMOS - ierj.org.br\",\"isPartOf\":{\"@id\":\"https:\\\/\\\/ierj.org.br\\\/#website\"},\"datePublished\":\"2026-02-18T21:44:08+00:00\",\"dateModified\":\"2026-03-23T18:32:17+00:00\",\"breadcrumb\":{\"@id\":\"https:\\\/\\\/ierj.org.br\\\/?page_id=87#breadcrumb\"},\"inLanguage\":\"pt-BR\",\"potentialAction\":[{\"@type\":\"ReadAction\",\"target\":[\"https:\\\/\\\/ierj.org.br\\\/?page_id=87\"]}]},{\"@type\":\"BreadcrumbList\",\"@id\":\"https:\\\/\\\/ierj.org.br\\\/?page_id=87#breadcrumb\",\"itemListElement\":[{\"@type\":\"ListItem\",\"position\":1,\"name\":\"Home\",\"item\":\"https:\\\/\\\/ierj.org.br\\\/\"},{\"@type\":\"ListItem\",\"position\":2,\"name\":\"QUEM SOMOS\"}]},{\"@type\":\"WebSite\",\"@id\":\"https:\\\/\\\/ierj.org.br\\\/#website\",\"url\":\"https:\\\/\\\/ierj.org.br\\\/\",\"name\":\"ierj.org.br\",\"description\":\"\",\"publisher\":{\"@id\":\"https:\\\/\\\/ierj.org.br\\\/#organization\"},\"potentialAction\":[{\"@type\":\"SearchAction\",\"target\":{\"@type\":\"EntryPoint\",\"urlTemplate\":\"https:\\\/\\\/ierj.org.br\\\/?s={search_term_string}\"},\"query-input\":{\"@type\":\"PropertyValueSpecification\",\"valueRequired\":true,\"valueName\":\"search_term_string\"}}],\"inLanguage\":\"pt-BR\"},{\"@type\":\"Organization\",\"@id\":\"https:\\\/\\\/ierj.org.br\\\/#organization\",\"name\":\"ierj.org.br\",\"url\":\"https:\\\/\\\/ierj.org.br\\\/\",\"logo\":{\"@type\":\"ImageObject\",\"inLanguage\":\"pt-BR\",\"@id\":\"https:\\\/\\\/ierj.org.br\\\/#\\\/schema\\\/logo\\\/image\\\/\",\"url\":\"https:\\\/\\\/ierj.org.br\\\/wp-content\\\/uploads\\\/2026\\\/02\\\/Logo_ierj.png\",\"contentUrl\":\"https:\\\/\\\/ierj.org.br\\\/wp-content\\\/uploads\\\/2026\\\/02\\\/Logo_ierj.png\",\"width\":740,\"height\":337,\"caption\":\"ierj.org.br\"},\"image\":{\"@id\":\"https:\\\/\\\/ierj.org.br\\\/#\\\/schema\\\/logo\\\/image\\\/\"}}]}<\/script>\n<!-- \/ Yoast SEO plugin. -->","yoast_head_json":{"title":"QUEM SOMOS - ierj.org.br","robots":{"index":"index","follow":"follow","max-snippet":"max-snippet:-1","max-image-preview":"max-image-preview:large","max-video-preview":"max-video-preview:-1"},"canonical":"https:\/\/ierj.org.br\/?page_id=87","og_locale":"pt_BR","og_type":"article","og_title":"QUEM SOMOS - ierj.org.br","og_description":"Quem somos Fundado em 2015, o IERJ \u00e9 uma associa\u00e7\u00e3o civil de direito privado, sem fins lucrativos, sediada na capital [&hellip;]","og_url":"https:\/\/ierj.org.br\/?page_id=87","og_site_name":"ierj.org.br","article_modified_time":"2026-03-23T18:32:17+00:00","twitter_card":"summary_large_image","twitter_misc":{"Est. tempo de leitura":"2 minutos"},"schema":{"@context":"https:\/\/schema.org","@graph":[{"@type":"WebPage","@id":"https:\/\/ierj.org.br\/?page_id=87","url":"https:\/\/ierj.org.br\/?page_id=87","name":"QUEM SOMOS - ierj.org.br","isPartOf":{"@id":"https:\/\/ierj.org.br\/#website"},"datePublished":"2026-02-18T21:44:08+00:00","dateModified":"2026-03-23T18:32:17+00:00","breadcrumb":{"@id":"https:\/\/ierj.org.br\/?page_id=87#breadcrumb"},"inLanguage":"pt-BR","potentialAction":[{"@type":"ReadAction","target":["https:\/\/ierj.org.br\/?page_id=87"]}]},{"@type":"BreadcrumbList","@id":"https:\/\/ierj.org.br\/?page_id=87#breadcrumb","itemListElement":[{"@type":"ListItem","position":1,"name":"Home","item":"https:\/\/ierj.org.br\/"},{"@type":"ListItem","position":2,"name":"QUEM SOMOS"}]},{"@type":"WebSite","@id":"https:\/\/ierj.org.br\/#website","url":"https:\/\/ierj.org.br\/","name":"ierj.org.br","description":"","publisher":{"@id":"https:\/\/ierj.org.br\/#organization"},"potentialAction":[{"@type":"SearchAction","target":{"@type":"EntryPoint","urlTemplate":"https:\/\/ierj.org.br\/?s={search_term_string}"},"query-input":{"@type":"PropertyValueSpecification","valueRequired":true,"valueName":"search_term_string"}}],"inLanguage":"pt-BR"},{"@type":"Organization","@id":"https:\/\/ierj.org.br\/#organization","name":"ierj.org.br","url":"https:\/\/ierj.org.br\/","logo":{"@type":"ImageObject","inLanguage":"pt-BR","@id":"https:\/\/ierj.org.br\/#\/schema\/logo\/image\/","url":"https:\/\/ierj.org.br\/wp-content\/uploads\/2026\/02\/Logo_ierj.png","contentUrl":"https:\/\/ierj.org.br\/wp-content\/uploads\/2026\/02\/Logo_ierj.png","width":740,"height":337,"caption":"ierj.org.br"},"image":{"@id":"https:\/\/ierj.org.br\/#\/schema\/logo\/image\/"}}]}},"_links":{"self":[{"href":"https:\/\/ierj.org.br\/index.php?rest_route=\/wp\/v2\/pages\/87","targetHints":{"allow":["GET"]}}],"collection":[{"href":"https:\/\/ierj.org.br\/index.php?rest_route=\/wp\/v2\/pages"}],"about":[{"href":"https:\/\/ierj.org.br\/index.php?rest_route=\/wp\/v2\/types\/page"}],"author":[{"embeddable":true,"href":"https:\/\/ierj.org.br\/index.php?rest_route=\/wp\/v2\/users\/1"}],"replies":[{"embeddable":true,"href":"https:\/\/ierj.org.br\/index.php?rest_route=%2Fwp%2Fv2%2Fcomments&post=87"}],"version-history":[{"count":16,"href":"https:\/\/ierj.org.br\/index.php?rest_route=\/wp\/v2\/pages\/87\/revisions"}],"predecessor-version":[{"id":585,"href":"https:\/\/ierj.org.br\/index.php?rest_route=\/wp\/v2\/pages\/87\/revisions\/585"}],"wp:attachment":[{"href":"https:\/\/ierj.org.br\/index.php?rest_route=%2Fwp%2Fv2%2Fmedia&parent=87"}],"curies":[{"name":"wp","href":"https:\/\/api.w.org\/{rel}","templated":true}]}}